{"id":1072,"date":"2026-01-21T14:19:19","date_gmt":"2026-01-21T14:19:19","guid":{"rendered":"https:\/\/gloriela.hr\/?page_id=1072"},"modified":"2026-01-29T12:53:38","modified_gmt":"2026-01-29T12:53:38","slug":"knjige-2","status":"publish","type":"page","link":"https:\/\/gloriela.hr\/?page_id=1072","title":{"rendered":"Knjige"},"content":{"rendered":"\t\t<div data-elementor-type=\"wp-page\" data-elementor-id=\"1072\" class=\"elementor elementor-1072\">\n\t\t\t\t<div class=\"elementor-element elementor-element-4456ee3 e-flex e-con-boxed e-con e-parent\" data-id=\"4456ee3\" data-element_type=\"container\" data-e-type=\"container\">\n\t\t\t\t\t<div class=\"e-con-inner\">\n\t\t\t\t<div class=\"elementor-element elementor-element-5beb594 elementor-widget elementor-widget-heading\" data-id=\"5beb594\" data-element_type=\"widget\" data-e-type=\"widget\" data-widget_type=\"heading.default\">\n\t\t\t\t\t<h2 class=\"elementor-heading-title elementor-size-default\">Izme\u0111u korica \u2013 svjetovi koji nas povezuju<\/h2>\t\t\t\t<\/div>\n\t\t\t\t\t<\/div>\n\t\t\t\t<\/div>\n\t\t<div class=\"elementor-element elementor-element-f9eabf6 e-flex e-con-boxed e-con e-parent\" data-id=\"f9eabf6\" data-element_type=\"container\" data-e-type=\"container\">\n\t\t\t\t\t<div class=\"e-con-inner\">\n\t\t<div class=\"elementor-element elementor-element-1d7c4ae e-con-full e-flex e-con e-child\" data-id=\"1d7c4ae\" data-element_type=\"container\" data-e-type=\"container\">\n\t\t\t\t<div class=\"elementor-element elementor-element-c141553 elementor-widget elementor-widget-text-editor\" data-id=\"c141553\" data-element_type=\"widget\" data-e-type=\"widget\" data-widget_type=\"text-editor.default\">\n\t\t\t\t\t\t\t\t\t<p data-start=\"234\" data-end=\"562\">\u00a0<\/p><p data-start=\"234\" data-end=\"562\">Knjige su prostor u kojem se susre\u0107u ma\u0161ta, emocije i poruke koje ostaju u nama dugo nakon \u0161to zatvorimo posljednju stranicu. Kroz svoje knjige nastojim potaknuti \u010ditatelje \u2013 male i velike \u2013 da prepoznaju vrijednost razli\u010ditosti, pove\u017eu se sa sobom i drugima te prona\u0111u inspiraciju u svakodnevnim, naizgled jednostavnim pri\u010dama.<\/p><p data-start=\"564\" data-end=\"814\">Trenuta\u010dno je objavljena samo ilustrirana dje\u010dja knjiga <strong data-start=\"615\" data-end=\"655\"><em data-start=\"617\" data-end=\"653\">Animalala \u2013 tamo gdje smo isti svi<\/em><\/strong>, koja kroz toplu pri\u010du i ilustracije slavi jednakost, prihva\u0107anje i zajedni\u0161tvo. Namijenjena je djeci, ali njezina poruka jednako sna\u017eno dopire i do odraslih.\u00a0<\/p><p data-start=\"564\" data-end=\"814\">Vi\u0161e o pri\u010di Animalala mo\u017eete pogledati ovdje:\u00a0<a href=\"https:\/\/gloriela.hr\/?page_id=17\">https:\/\/gloriela.hr\/?page_id=17<\/a><\/p><p data-start=\"816\" data-end=\"1067\">U planu su nove slikovnice za mla\u0111u djecu te knjige za odrasle, s posebnim fokusom na motivaciju, osobni rast i inspiraciju. Svaka budu\u0107a knjiga nastavit \u0107e istra\u017eivati teme koje nas povezuju, ohrabruju i podsje\u0107aju na ono \u0161to nam je svima zajedni\u010dko.<\/p><p data-start=\"816\" data-end=\"1067\">Nadam se da \u0107e uskoro biti jo\u0161 vi\u0161e tiskanih naslova Naklade Gloriela te da \u0107e vas obradovati i potaknuti da vjerujete u sebe, budete pozitivni\u00a0 i \u017eivite svoje snove!\u00a0<\/p><p data-start=\"816\" data-end=\"1067\">\u00a0<\/p>\t\t\t\t\t\t\t\t<\/div>\n\t\t\t\t<\/div>\n\t\t<div class=\"elementor-element elementor-element-22c351f e-con-full e-flex e-con e-child\" data-id=\"22c351f\" data-element_type=\"container\" data-e-type=\"container\">\n\t\t\t\t<div class=\"elementor-element elementor-element-2ac8494 elementor-widget elementor-widget-image\" data-id=\"2ac8494\" data-element_type=\"widget\" data-e-type=\"widget\" data-widget_type=\"image.default\">\n\t\t\t\t\t\t\t\t\t\t\t\t\t\t\t<img fetchpriority=\"high\" decoding=\"async\" width=\"600\" height=\"750\" src=\"https:\/\/gloriela.hr\/wp-content\/uploads\/2025\/01\/473621002_604114472574109_4915318653940183729_n.jpg\" class=\"attachment-medium_large size-medium_large wp-image-403\" alt=\"\" srcset=\"https:\/\/gloriela.hr\/wp-content\/uploads\/2025\/01\/473621002_604114472574109_4915318653940183729_n.jpg 600w, https:\/\/gloriela.hr\/wp-content\/uploads\/2025\/01\/473621002_604114472574109_4915318653940183729_n-240x300.jpg 240w\" sizes=\"(max-width: 600px) 100vw, 600px\" \/>\t\t\t\t\t\t\t\t\t\t\t\t\t\t\t<\/div>\n\t\t\t\t<\/div>\n\t\t\t\t\t<\/div>\n\t\t\t\t<\/div>\n\t\t\t\t<\/div>\n\t\t","protected":false},"excerpt":{"rendered":"<p>Izme\u0111u korica \u2013 svjetovi koji nas povezuju \u00a0 Knjige su prostor u kojem se susre\u0107u ma\u0161ta, emocije i poruke koje ostaju u nama dugo nakon \u0161to zatvorimo posljednju stranicu. Kroz svoje knjige nastojim potaknuti \u010ditatelje \u2013 male i velike \u2013 da prepoznaju vrijednost razli\u010ditosti, pove\u017eu se sa sobom i drugima te prona\u0111u inspiraciju u svakodnevnim, [&hellip;]<\/p>\n","protected":false},"author":2,"featured_media":0,"parent":0,"menu_order":0,"comment_status":"closed","ping_status":"closed","template":"","meta":{"site-sidebar-layout":"no-sidebar","site-content-layout":"","ast-site-content-layout":"full-width-container","site-content-style":"default","site-sidebar-style":"default","ast-global-header-display":"","ast-banner-title-visibility":"","ast-main-header-display":"","ast-hfb-above-header-display":"","ast-hfb-below-header-display":"","ast-hfb-mobile-header-display":"","site-post-title":"","ast-breadcrumbs-content":"","ast-featured-img":"disabled","footer-sml-layout":"","theme-transparent-header-meta":"default","adv-header-id-meta":"","stick-header-meta":"","header-above-stick-meta":"","header-main-stick-meta":"","header-below-stick-meta":"","astra-migrate-meta-layouts":"set","ast-page-background-enabled":"default","ast-page-background-meta":{"desktop":{"background-color":"var(--ast-global-color-5)","background-image":"","background-repeat":"repeat","background-position":"center center","background-size":"auto","background-attachment":"scroll","background-type":"","background-media":"","overlay-type":"","overlay-color":"","overlay-opacity":"","overlay-gradient":""},"tablet":{"background-color":"","background-image":"","background-repeat":"repeat","background-position":"center center","background-size":"auto","background-attachment":"scroll","background-type":"","background-media":"","overlay-type":"","overlay-color":"","overlay-opacity":"","overlay-gradient":""},"mobile":{"background-color":"","background-image":"","background-repeat":"repeat","background-position":"center center","background-size":"auto","background-attachment":"scroll","background-type":"","background-media":"","overlay-type":"","overlay-color":"","overlay-opacity":"","overlay-gradient":""}},"ast-content-background-meta":{"desktop":{"background-color":"var(--ast-global-color-4)","background-image":"","background-repeat":"repeat","background-position":"center center","background-size":"auto","background-attachment":"scroll","background-type":"","background-media":"","overlay-type":"","overlay-color":"","overlay-opacity":"","overlay-gradient":""},"tablet":{"background-color":"var(--ast-global-color-4)","background-image":"","background-repeat":"repeat","background-position":"center center","background-size":"auto","background-attachment":"scroll","background-type":"","background-media":"","overlay-type":"","overlay-color":"","overlay-opacity":"","overlay-gradient":""},"mobile":{"background-color":"var(--ast-global-color-4)","background-image":"","background-repeat":"repeat","background-position":"center center","background-size":"auto","background-attachment":"scroll","background-type":"","background-media":"","overlay-type":"","overlay-color":"","overlay-opacity":"","overlay-gradient":""}},"footnotes":""},"class_list":["post-1072","page","type-page","status-publish","hentry"],"_links":{"self":[{"href":"https:\/\/gloriela.hr\/index.php?rest_route=\/wp\/v2\/pages\/1072","targetHints":{"allow":["GET"]}}],"collection":[{"href":"https:\/\/gloriela.hr\/index.php?rest_route=\/wp\/v2\/pages"}],"about":[{"href":"https:\/\/gloriela.hr\/index.php?rest_route=\/wp\/v2\/types\/page"}],"author":[{"embeddable":true,"href":"https:\/\/gloriela.hr\/index.php?rest_route=\/wp\/v2\/users\/2"}],"replies":[{"embeddable":true,"href":"https:\/\/gloriela.hr\/index.php?rest_route=%2Fwp%2Fv2%2Fcomments&post=1072"}],"version-history":[{"count":8,"href":"https:\/\/gloriela.hr\/index.php?rest_route=\/wp\/v2\/pages\/1072\/revisions"}],"predecessor-version":[{"id":1097,"href":"https:\/\/gloriela.hr\/index.php?rest_route=\/wp\/v2\/pages\/1072\/revisions\/1097"}],"wp:attachment":[{"href":"https:\/\/gloriela.hr\/index.php?rest_route=%2Fwp%2Fv2%2Fmedia&parent=1072"}],"curies":[{"name":"wp","href":"https:\/\/api.w.org\/{rel}","templated":true}]}}